{"id":95,"date":"2024-06-22T17:19:14","date_gmt":"2024-06-22T15:19:14","guid":{"rendered":"https:\/\/komfort-umzug-duesseldorf.de\/?page_id=95"},"modified":"2024-07-11T20:00:53","modified_gmt":"2024-07-11T18:00:53","slug":"impressum","status":"publish","type":"page","link":"https:\/\/komfort-umzug-duesseldorf.de\/ru\/impressum\/","title":{"rendered":"Impressum"},"content":{"rendered":"\n<p>Seit \u00fcber 6 Jahren sind wir Ihr professioneller Partner f\u00fcr Umz\u00fcge in K\u00f6ln und D\u00fcsseldorf. Mit unserer modernen Fahrzeugflotte aus Citroen Jumper und Fiat Ducato Transportern, die jeweils bis zu 1,5 Tonnen tragen k\u00f6nnen, meistern wir jeden Umzug sicher und zuverl\u00e4ssig. Ob kompletter Wohnungswechsel oder B\u00fcroumzug \u2013 wir k\u00fcmmern uns um Demontage, Transport, Wiederaufbau und fachgerechte Entsorgung.<\/p>\n\n\n\n<p>Unsere erfahrenen Mitarbeiter arbeiten sorgf\u00e4ltig und legen bei jedem Auftrag Wert auf Kundenzufriedenheit. Wir bieten eine kostenlose Besichtigung und individuelle Festpreise ohne versteckte Zusatzkosten.<\/p>\n\n\n\n<p><strong>In unserem Service enthalten sind:<\/strong><\/p>\n\n\n\n<ul class=\"wp-block-list\">\n<li>Umzug in andere St\u00e4dte und L\u00e4nder<\/li>\n\n\n\n<li>Lokale Umz\u00fcge in K\u00f6ln und D\u00fcsseldorf<\/li>\n\n\n\n<li>Komplette B\u00fcroumz\u00fcge<\/li>\n\n\n\n<li>Demontage und Montage von M\u00f6beln<\/li>\n\n\n\n<li>Entsorgung und Recycling<\/li>\n\n\n\n<li>Kostenloser Vorort-Termin<\/li>\n\n\n\n<li>Angebotserstellung<\/li>\n<\/ul>\n\n\n\n<p>Optional k\u00f6nnen wir einen Lastenaufzug f\u00fcr problematische Transporte stellen. Ihre M\u00f6bel werden fachm\u00e4nnisch demontiert, sorgf\u00e4ltig verpackt und am Zielort wieder aufgebaut. Dank unseres Netzwerks an Helfern k\u00f6nnen wir auch kurzfristige Auftr\u00e4ge ausf\u00fchren.<\/p>\n\n\n\n<p>Im Laufe der Jahre konnten wir bereits \u00fcber 1000 zufriedene Kunden bei ihren Umz\u00fcgen unterst\u00fctzen. Vertrauen Sie unserer langj\u00e4hrigen Erfahrung. Wir freuen uns auf Ihren Auftrag!<\/p>\n\n\n\n<p><strong>Angaben gem\u00e4\u00df \u00a7 5 TMG:<\/strong><\/p>\n\n\n\n<p>Kleinunternehmen<br>Yuriy Kuznetsov<\/p>\n\n\n\n<p><strong>Postanschrift:<\/strong><\/p>\n\n\n\n<p>Krefelder Stra\u00dfe 159<br>40549 D\u00fcsseldorf<\/p>\n\n\n\n<p><strong>Kontakt:<\/strong><\/p>\n\n\n\n<p>Telefon: <a href=\"tel:+4921116360930\">+49 21116360930<\/a><br>E-Mail: <a href=\"mailto:info@komfort-umzug-koeln.de\" target=\"_blank\" rel=\"noreferrer noopener\">info@komfort-umzug-koeln.de<\/a><\/p>\n\n\n\n<p><strong>Vertreten durch:<\/strong><\/p>\n\n\n\n<p>Yuriy Kuznetsov<\/p>\n\n\n\n<p><strong>Hinweise zur Website<\/strong><\/p>\n\n\n\n<p><strong>Information gem\u00e4\u00df \u00a7 36 VSBG<\/strong><\/p>\n\n\n\n<p>Gem\u00e4\u00df \u00a7 36 VSBG (Verbraucherstreitbeilegungsgesetz \u2013 Gesetz \u00fcber die alternative Streitbeilegung in Verbrauchersachen) erkl\u00e4rt der Betreiber dieser Website:<\/p>\n\n\n\n<p>Wir sind weder bereit noch verpflichtet, an Streitbeilegungsverfahren vor einer Verbraucherschlichtungsstelle teilzunehmen.<\/p>\n","protected":false},"excerpt":{"rendered":"<p>Seit \u00fcber 6 Jahren sind wir Ihr professioneller Partner f\u00fcr Umz\u00fcge in K\u00f6ln und D\u00fcsseldorf. Mit unserer modernen Fahrzeugflotte aus Citroen Jumper und Fiat Ducato Transportern, die jeweils bis zu 1,5 Tonnen tragen k\u00f6nnen, meistern wir jeden Umzug sicher und zuverl\u00e4ssig. Ob kompletter Wohnungswechsel oder B\u00fcroumzug \u2013 wir k\u00fcmmern uns um Demontage, Transport, Wiederaufbau und [&hellip;]<\/p>\n","protected":false},"author":1,"featured_media":0,"parent":0,"menu_order":0,"comment_status":"closed","ping_status":"closed","template":"","meta":{"_breakdance_hide_in_design_set":false,"_breakdance_tags":"","footnotes":""},"class_list":["post-95","page","type-page","status-publish","hentry"],"yoast_head":"<!-- This site is optimized with the Yoast SEO plugin v26.6 - https:\/\/yoast.com\/wordpress\/plugins\/seo\/ -->\n<title>Impressum - Komfort Umzug \u0414\u044e\u0441\u0441\u0435\u043b\u044c\u0434\u043e\u0440\u0444<\/title>\n<meta name=\"description\" content=\"Komfort Umzug - \u0412\u0430\u0448 \u043f\u0430\u0440\u0442\u043d\u0435\u0440 \u0434\u043b\u044f \u043f\u0435\u0440\u0435\u0435\u0437\u0434\u043e\u0432 \u0431\u0435\u0437 \u0441\u0442\u0440\u0435\u0441\u0441\u0430. \u041e\u0440\u0433\u0430\u043d\u0438\u0437\u0443\u0439\u0442\u0435 \u0441\u0432\u043e\u0439 \u043f\u0435\u0440\u0435\u0435\u0437\u0434 \u0432 \u0414\u044e\u0441\u0441\u0435\u043b\u044c\u0434\u043e\u0440\u0444\u0435 \u043b\u0435\u0433\u043a\u043e \u0438 \u0443\u0434\u043e\u0431\u043d\u043e.\" \/>\n<meta name=\"robots\" content=\"index, follow, max-snippet:-1, max-image-preview:large, max-video-preview:-1\" \/>\n<link rel=\"canonical\" href=\"https:\/\/komfort-umzug-duesseldorf.de\/ru\/impressum\/\" \/>\n<meta property=\"og:locale\" content=\"ru_RU\" \/>\n<meta property=\"og:type\" content=\"article\" \/>\n<meta property=\"og:title\" content=\"Impressum\" \/>\n<meta property=\"og:description\" content=\"Komfort Umzug - \u0412\u0430\u0448 \u043f\u0430\u0440\u0442\u043d\u0435\u0440 \u0434\u043b\u044f \u043f\u0435\u0440\u0435\u0435\u0437\u0434\u043e\u0432 \u0431\u0435\u0437 \u0441\u0442\u0440\u0435\u0441\u0441\u0430. \u041e\u0440\u0433\u0430\u043d\u0438\u0437\u0443\u0439\u0442\u0435 \u0441\u0432\u043e\u0439 \u043f\u0435\u0440\u0435\u0435\u0437\u0434 \u0432 \u0414\u044e\u0441\u0441\u0435\u043b\u044c\u0434\u043e\u0440\u0444\u0435 \u043b\u0435\u0433\u043a\u043e \u0438 \u0443\u0434\u043e\u0431\u043d\u043e.\" \/>\n<meta property=\"og:url\" content=\"https:\/\/komfort-umzug-duesseldorf.de\/ru\/impressum\/\" \/>\n<meta property=\"og:site_name\" content=\"Komfort Umzug \u0414\u044e\u0441\u0441\u0435\u043b\u044c\u0434\u043e\u0440\u0444\" \/>\n<meta property=\"article:modified_time\" content=\"2024-07-11T18:00:53+00:00\" \/>\n<meta property=\"og:image\" content=\"https:\/\/komfort-umzug-duesseldorf.de\/ru\/wp-content\/uploads\/sites\/2\/2024\/07\/komfort-umzug-logo.jpg\" \/>\n\t<meta property=\"og:image:width\" content=\"800\" \/>\n\t<meta property=\"og:image:height\" content=\"335\" \/>\n\t<meta property=\"og:image:type\" content=\"image\/jpeg\" \/>\n<meta name=\"twitter:card\" content=\"summary_large_image\" \/>\n<meta name=\"twitter:title\" content=\"Impressum\" \/>\n<meta name=\"twitter:description\" content=\"Komfort Umzug - \u0412\u0430\u0448 \u043f\u0430\u0440\u0442\u043d\u0435\u0440 \u0434\u043b\u044f \u043f\u0435\u0440\u0435\u0435\u0437\u0434\u043e\u0432 \u0431\u0435\u0437 \u0441\u0442\u0440\u0435\u0441\u0441\u0430. \u041e\u0440\u0433\u0430\u043d\u0438\u0437\u0443\u0439\u0442\u0435 \u0441\u0432\u043e\u0439 \u043f\u0435\u0440\u0435\u0435\u0437\u0434 \u0432 \u0414\u044e\u0441\u0441\u0435\u043b\u044c\u0434\u043e\u0440\u0444\u0435 \u043b\u0435\u0433\u043a\u043e \u0438 \u0443\u0434\u043e\u0431\u043d\u043e.\" \/>\n<meta name=\"twitter:image\" content=\"https:\/\/komfort-umzug-duesseldorf.de\/ru\/wp-content\/uploads\/sites\/2\/2024\/07\/komfort-umzug-logo.jpg\" \/>\n<meta name=\"twitter:label1\" content=\"\u041f\u0440\u0438\u043c\u0435\u0440\u043d\u043e\u0435 \u0432\u0440\u0435\u043c\u044f \u0434\u043b\u044f \u0447\u0442\u0435\u043d\u0438\u044f\" \/>\n\t<meta name=\"twitter:data1\" content=\"2 \u043c\u0438\u043d\u0443\u0442\u044b\" \/>\n<script type=\"application\/ld+json\" class=\"yoast-schema-graph\">{\"@context\":\"https:\/\/schema.org\",\"@graph\":[{\"@type\":\"WebPage\",\"@id\":\"https:\/\/komfort-umzug-duesseldorf.de\/ru\/impressum\/\",\"url\":\"https:\/\/komfort-umzug-duesseldorf.de\/ru\/impressum\/\",\"name\":\"Impressum - Komfort Umzug \u0414\u044e\u0441\u0441\u0435\u043b\u044c\u0434\u043e\u0440\u0444\",\"isPartOf\":{\"@id\":\"https:\/\/komfort-umzug-duesseldorf.de\/ru\/#website\"},\"datePublished\":\"2024-06-22T15:19:14+00:00\",\"dateModified\":\"2024-07-11T18:00:53+00:00\",\"description\":\"Komfort Umzug - \u0412\u0430\u0448 \u043f\u0430\u0440\u0442\u043d\u0435\u0440 \u0434\u043b\u044f \u043f\u0435\u0440\u0435\u0435\u0437\u0434\u043e\u0432 \u0431\u0435\u0437 \u0441\u0442\u0440\u0435\u0441\u0441\u0430. \u041e\u0440\u0433\u0430\u043d\u0438\u0437\u0443\u0439\u0442\u0435 \u0441\u0432\u043e\u0439 \u043f\u0435\u0440\u0435\u0435\u0437\u0434 \u0432 \u0414\u044e\u0441\u0441\u0435\u043b\u044c\u0434\u043e\u0440\u0444\u0435 \u043b\u0435\u0433\u043a\u043e \u0438 \u0443\u0434\u043e\u0431\u043d\u043e.\",\"breadcrumb\":{\"@id\":\"https:\/\/komfort-umzug-duesseldorf.de\/ru\/impressum\/#breadcrumb\"},\"inLanguage\":\"ru-RU\",\"potentialAction\":[{\"@type\":\"ReadAction\",\"target\":[\"https:\/\/komfort-umzug-duesseldorf.de\/ru\/impressum\/\"]}]},{\"@type\":\"BreadcrumbList\",\"@id\":\"https:\/\/komfort-umzug-duesseldorf.de\/ru\/impressum\/#breadcrumb\",\"itemListElement\":[{\"@type\":\"ListItem\",\"position\":1,\"name\":\"Home\",\"item\":\"https:\/\/komfort-umzug-duesseldorf.de\/ru\/\"},{\"@type\":\"ListItem\",\"position\":2,\"name\":\"Impressum\"}]},{\"@type\":\"WebSite\",\"@id\":\"https:\/\/komfort-umzug-duesseldorf.de\/ru\/#website\",\"url\":\"https:\/\/komfort-umzug-duesseldorf.de\/ru\/\",\"name\":\"Komfort Umzug \u0414\u044e\u0441\u0441\u0435\u043b\u044c\u0434\u043e\u0440\u0444\",\"description\":\"\u0412\u0430\u0448 \u043f\u0430\u0440\u0442\u043d\u0435\u0440 \u0434\u043b\u044f \u043f\u0435\u0440\u0435\u0435\u0437\u0434\u043e\u0432 \u0431\u0435\u0437 \u0441\u0442\u0440\u0435\u0441\u0441\u0430\",\"publisher\":{\"@id\":\"https:\/\/komfort-umzug-duesseldorf.de\/ru\/#organization\"},\"alternateName\":\"Komfort Umzug D\u00fcsseldorf\",\"potentialAction\":[{\"@type\":\"SearchAction\",\"target\":{\"@type\":\"EntryPoint\",\"urlTemplate\":\"https:\/\/komfort-umzug-duesseldorf.de\/ru\/?s={search_term_string}\"},\"query-input\":{\"@type\":\"PropertyValueSpecification\",\"valueRequired\":true,\"valueName\":\"search_term_string\"}}],\"inLanguage\":\"ru-RU\"},{\"@type\":\"Organization\",\"@id\":\"https:\/\/komfort-umzug-duesseldorf.de\/ru\/#organization\",\"name\":\"Komfort Umzug D\u00fcsseldorf\",\"url\":\"https:\/\/komfort-umzug-duesseldorf.de\/ru\/\",\"logo\":{\"@type\":\"ImageObject\",\"inLanguage\":\"ru-RU\",\"@id\":\"https:\/\/komfort-umzug-duesseldorf.de\/ru\/#\/schema\/logo\/image\/\",\"url\":\"https:\/\/komfort-umzug-duesseldorf.de\/ru\/wp-content\/uploads\/sites\/2\/2024\/07\/komfort-umzug-logo.jpg\",\"contentUrl\":\"https:\/\/komfort-umzug-duesseldorf.de\/ru\/wp-content\/uploads\/sites\/2\/2024\/07\/komfort-umzug-logo.jpg\",\"width\":800,\"height\":575,\"caption\":\"Komfort Umzug D\u00fcsseldorf\"},\"image\":{\"@id\":\"https:\/\/komfort-umzug-duesseldorf.de\/ru\/#\/schema\/logo\/image\/\"}}]}<\/script>\n<!-- \/ Yoast SEO plugin. -->","yoast_head_json":{"title":"Impressum - Komfort Umzug \u0414\u044e\u0441\u0441\u0435\u043b\u044c\u0434\u043e\u0440\u0444","description":"Komfort Umzug - \u0412\u0430\u0448 \u043f\u0430\u0440\u0442\u043d\u0435\u0440 \u0434\u043b\u044f \u043f\u0435\u0440\u0435\u0435\u0437\u0434\u043e\u0432 \u0431\u0435\u0437 \u0441\u0442\u0440\u0435\u0441\u0441\u0430. \u041e\u0440\u0433\u0430\u043d\u0438\u0437\u0443\u0439\u0442\u0435 \u0441\u0432\u043e\u0439 \u043f\u0435\u0440\u0435\u0435\u0437\u0434 \u0432 \u0414\u044e\u0441\u0441\u0435\u043b\u044c\u0434\u043e\u0440\u0444\u0435 \u043b\u0435\u0433\u043a\u043e \u0438 \u0443\u0434\u043e\u0431\u043d\u043e.","robots":{"index":"index","follow":"follow","max-snippet":"max-snippet:-1","max-image-preview":"max-image-preview:large","max-video-preview":"max-video-preview:-1"},"canonical":"https:\/\/komfort-umzug-duesseldorf.de\/ru\/impressum\/","og_locale":"ru_RU","og_type":"article","og_title":"Impressum","og_description":"Komfort Umzug - \u0412\u0430\u0448 \u043f\u0430\u0440\u0442\u043d\u0435\u0440 \u0434\u043b\u044f \u043f\u0435\u0440\u0435\u0435\u0437\u0434\u043e\u0432 \u0431\u0435\u0437 \u0441\u0442\u0440\u0435\u0441\u0441\u0430. \u041e\u0440\u0433\u0430\u043d\u0438\u0437\u0443\u0439\u0442\u0435 \u0441\u0432\u043e\u0439 \u043f\u0435\u0440\u0435\u0435\u0437\u0434 \u0432 \u0414\u044e\u0441\u0441\u0435\u043b\u044c\u0434\u043e\u0440\u0444\u0435 \u043b\u0435\u0433\u043a\u043e \u0438 \u0443\u0434\u043e\u0431\u043d\u043e.","og_url":"https:\/\/komfort-umzug-duesseldorf.de\/ru\/impressum\/","og_site_name":"Komfort Umzug \u0414\u044e\u0441\u0441\u0435\u043b\u044c\u0434\u043e\u0440\u0444","article_modified_time":"2024-07-11T18:00:53+00:00","og_image":[{"width":800,"height":335,"url":"https:\/\/komfort-umzug-duesseldorf.de\/ru\/wp-content\/uploads\/sites\/2\/2024\/07\/komfort-umzug-logo.jpg","type":"image\/jpeg"}],"twitter_card":"summary_large_image","twitter_title":"Impressum","twitter_description":"Komfort Umzug - \u0412\u0430\u0448 \u043f\u0430\u0440\u0442\u043d\u0435\u0440 \u0434\u043b\u044f \u043f\u0435\u0440\u0435\u0435\u0437\u0434\u043e\u0432 \u0431\u0435\u0437 \u0441\u0442\u0440\u0435\u0441\u0441\u0430. \u041e\u0440\u0433\u0430\u043d\u0438\u0437\u0443\u0439\u0442\u0435 \u0441\u0432\u043e\u0439 \u043f\u0435\u0440\u0435\u0435\u0437\u0434 \u0432 \u0414\u044e\u0441\u0441\u0435\u043b\u044c\u0434\u043e\u0440\u0444\u0435 \u043b\u0435\u0433\u043a\u043e \u0438 \u0443\u0434\u043e\u0431\u043d\u043e.","twitter_image":"https:\/\/komfort-umzug-duesseldorf.de\/ru\/wp-content\/uploads\/sites\/2\/2024\/07\/komfort-umzug-logo.jpg","twitter_misc":{"\u041f\u0440\u0438\u043c\u0435\u0440\u043d\u043e\u0435 \u0432\u0440\u0435\u043c\u044f \u0434\u043b\u044f \u0447\u0442\u0435\u043d\u0438\u044f":"2 \u043c\u0438\u043d\u0443\u0442\u044b"},"schema":{"@context":"https:\/\/schema.org","@graph":[{"@type":"WebPage","@id":"https:\/\/komfort-umzug-duesseldorf.de\/ru\/impressum\/","url":"https:\/\/komfort-umzug-duesseldorf.de\/ru\/impressum\/","name":"Impressum - Komfort Umzug \u0414\u044e\u0441\u0441\u0435\u043b\u044c\u0434\u043e\u0440\u0444","isPartOf":{"@id":"https:\/\/komfort-umzug-duesseldorf.de\/ru\/#website"},"datePublished":"2024-06-22T15:19:14+00:00","dateModified":"2024-07-11T18:00:53+00:00","description":"Komfort Umzug - \u0412\u0430\u0448 \u043f\u0430\u0440\u0442\u043d\u0435\u0440 \u0434\u043b\u044f \u043f\u0435\u0440\u0435\u0435\u0437\u0434\u043e\u0432 \u0431\u0435\u0437 \u0441\u0442\u0440\u0435\u0441\u0441\u0430. \u041e\u0440\u0433\u0430\u043d\u0438\u0437\u0443\u0439\u0442\u0435 \u0441\u0432\u043e\u0439 \u043f\u0435\u0440\u0435\u0435\u0437\u0434 \u0432 \u0414\u044e\u0441\u0441\u0435\u043b\u044c\u0434\u043e\u0440\u0444\u0435 \u043b\u0435\u0433\u043a\u043e \u0438 \u0443\u0434\u043e\u0431\u043d\u043e.","breadcrumb":{"@id":"https:\/\/komfort-umzug-duesseldorf.de\/ru\/impressum\/#breadcrumb"},"inLanguage":"ru-RU","potentialAction":[{"@type":"ReadAction","target":["https:\/\/komfort-umzug-duesseldorf.de\/ru\/impressum\/"]}]},{"@type":"BreadcrumbList","@id":"https:\/\/komfort-umzug-duesseldorf.de\/ru\/impressum\/#breadcrumb","itemListElement":[{"@type":"ListItem","position":1,"name":"Home","item":"https:\/\/komfort-umzug-duesseldorf.de\/ru\/"},{"@type":"ListItem","position":2,"name":"Impressum"}]},{"@type":"WebSite","@id":"https:\/\/komfort-umzug-duesseldorf.de\/ru\/#website","url":"https:\/\/komfort-umzug-duesseldorf.de\/ru\/","name":"Komfort Umzug \u0414\u044e\u0441\u0441\u0435\u043b\u044c\u0434\u043e\u0440\u0444","description":"\u0412\u0430\u0448 \u043f\u0430\u0440\u0442\u043d\u0435\u0440 \u0434\u043b\u044f \u043f\u0435\u0440\u0435\u0435\u0437\u0434\u043e\u0432 \u0431\u0435\u0437 \u0441\u0442\u0440\u0435\u0441\u0441\u0430","publisher":{"@id":"https:\/\/komfort-umzug-duesseldorf.de\/ru\/#organization"},"alternateName":"Komfort Umzug D\u00fcsseldorf","potentialAction":[{"@type":"SearchAction","target":{"@type":"EntryPoint","urlTemplate":"https:\/\/komfort-umzug-duesseldorf.de\/ru\/?s={search_term_string}"},"query-input":{"@type":"PropertyValueSpecification","valueRequired":true,"valueName":"search_term_string"}}],"inLanguage":"ru-RU"},{"@type":"Organization","@id":"https:\/\/komfort-umzug-duesseldorf.de\/ru\/#organization","name":"Komfort Umzug D\u00fcsseldorf","url":"https:\/\/komfort-umzug-duesseldorf.de\/ru\/","logo":{"@type":"ImageObject","inLanguage":"ru-RU","@id":"https:\/\/komfort-umzug-duesseldorf.de\/ru\/#\/schema\/logo\/image\/","url":"https:\/\/komfort-umzug-duesseldorf.de\/ru\/wp-content\/uploads\/sites\/2\/2024\/07\/komfort-umzug-logo.jpg","contentUrl":"https:\/\/komfort-umzug-duesseldorf.de\/ru\/wp-content\/uploads\/sites\/2\/2024\/07\/komfort-umzug-logo.jpg","width":800,"height":575,"caption":"Komfort Umzug D\u00fcsseldorf"},"image":{"@id":"https:\/\/komfort-umzug-duesseldorf.de\/ru\/#\/schema\/logo\/image\/"}}]}},"_links":{"self":[{"href":"https:\/\/komfort-umzug-duesseldorf.de\/ru\/wp-json\/wp\/v2\/pages\/95","targetHints":{"allow":["GET"]}}],"collection":[{"href":"https:\/\/komfort-umzug-duesseldorf.de\/ru\/wp-json\/wp\/v2\/pages"}],"about":[{"href":"https:\/\/komfort-umzug-duesseldorf.de\/ru\/wp-json\/wp\/v2\/types\/page"}],"author":[{"embeddable":true,"href":"https:\/\/komfort-umzug-duesseldorf.de\/ru\/wp-json\/wp\/v2\/users\/1"}],"replies":[{"embeddable":true,"href":"https:\/\/komfort-umzug-duesseldorf.de\/ru\/wp-json\/wp\/v2\/comments?post=95"}],"version-history":[{"count":0,"href":"https:\/\/komfort-umzug-duesseldorf.de\/ru\/wp-json\/wp\/v2\/pages\/95\/revisions"}],"wp:attachment":[{"href":"https:\/\/komfort-umzug-duesseldorf.de\/ru\/wp-json\/wp\/v2\/media?parent=95"}],"curies":[{"name":"wp","href":"https:\/\/api.w.org\/{rel}","templated":true}]}}